{"id":164,"date":"2025-10-16T16:45:11","date_gmt":"2025-10-16T15:45:11","guid":{"rendered":"http:\/\/www.oenora-vin.fr\/?page_id=164"},"modified":"2026-03-02T15:59:37","modified_gmt":"2026-03-02T14:59:37","slug":"degustations","status":"publish","type":"page","link":"https:\/\/www.oenora-vin.fr\/index.php\/degustations\/","title":{"rendered":"D\u00e9gustations"},"content":{"rendered":"\n\n\n\n\n\n\n\n\n\n\n\n\n\n\n\n","protected":false},"excerpt":{"rendered":"","protected":false},"author":1,"featured_media":0,"parent":0,"menu_order":0,"comment_status":"closed","ping_status":"closed","template":"full-width","meta":{"saved_in_kubio":true,"footnotes":""},"class_list":["post-164","page","type-page","status-publish","hentry"],"kubio_ai_page_context":{"short_desc":"","purpose":"general"},"yoast_head":"<!-- This site is optimized with the Yoast SEO plugin v27.3 - https:\/\/yoast.com\/product\/yoast-seo-wordpress\/ -->\n<title>D\u00e9gustations - Oenora<\/title>\n<meta name=\"robots\" content=\"index, follow, max-snippet:-1, max-image-preview:large, max-video-preview:-1\" \/>\n<link rel=\"canonical\" href=\"https:\/\/www.oenora-vin.fr\/index.php\/degustations\/\" \/>\n<meta property=\"og:locale\" content=\"fr_FR\" \/>\n<meta property=\"og:type\" content=\"article\" \/>\n<meta property=\"og:title\" content=\"D\u00e9gustations - Oenora\" \/>\n<meta property=\"og:url\" content=\"https:\/\/www.oenora-vin.fr\/index.php\/degustations\/\" \/>\n<meta property=\"og:site_name\" content=\"Oenora\" \/>\n<meta property=\"article:modified_time\" content=\"2026-03-02T14:59:37+00:00\" \/>\n<meta name=\"twitter:card\" content=\"summary_large_image\" \/>\n<script type=\"application\/ld+json\" class=\"yoast-schema-graph\">{\"@context\":\"https:\\\/\\\/schema.org\",\"@graph\":[{\"@type\":[\"WebPage\",\"FAQPage\"],\"@id\":\"https:\\\/\\\/www.oenora-vin.fr\\\/index.php\\\/degustations\\\/\",\"url\":\"https:\\\/\\\/www.oenora-vin.fr\\\/index.php\\\/degustations\\\/\",\"name\":\"D\u00e9gustations - Oenora\",\"isPartOf\":{\"@id\":\"https:\\\/\\\/www.oenora-vin.fr\\\/#website\"},\"datePublished\":\"2025-10-16T15:45:11+00:00\",\"dateModified\":\"2026-03-02T14:59:37+00:00\",\"breadcrumb\":{\"@id\":\"https:\\\/\\\/www.oenora-vin.fr\\\/index.php\\\/degustations\\\/#breadcrumb\"},\"mainEntity\":[{\"@id\":\"https:\\\/\\\/www.oenora-vin.fr\\\/index.php\\\/degustations\\\/#faq-question-1761641609509\"},{\"@id\":\"https:\\\/\\\/www.oenora-vin.fr\\\/index.php\\\/degustations\\\/#faq-question-1761641584496\"},{\"@id\":\"https:\\\/\\\/www.oenora-vin.fr\\\/index.php\\\/degustations\\\/#faq-question-1762274729384\"},{\"@id\":\"https:\\\/\\\/www.oenora-vin.fr\\\/index.php\\\/degustations\\\/#faq-question-1762276810337\"},{\"@id\":\"https:\\\/\\\/www.oenora-vin.fr\\\/index.php\\\/degustations\\\/#faq-question-1762445245369\"},{\"@id\":\"https:\\\/\\\/www.oenora-vin.fr\\\/index.php\\\/degustations\\\/#faq-question-1761641609509\"},{\"@id\":\"https:\\\/\\\/www.oenora-vin.fr\\\/index.php\\\/degustations\\\/#faq-question-1761641584496\"},{\"@id\":\"https:\\\/\\\/www.oenora-vin.fr\\\/index.php\\\/degustations\\\/#faq-question-1762274729384\"},{\"@id\":\"https:\\\/\\\/www.oenora-vin.fr\\\/index.php\\\/degustations\\\/#faq-question-1761641609509\"},{\"@id\":\"https:\\\/\\\/www.oenora-vin.fr\\\/index.php\\\/degustations\\\/#faq-question-1761641584496\"},{\"@id\":\"https:\\\/\\\/www.oenora-vin.fr\\\/index.php\\\/degustations\\\/#faq-question-1762274729384\"},{\"@id\":\"https:\\\/\\\/www.oenora-vin.fr\\\/index.php\\\/degustations\\\/#faq-question-1762275821641\"},{\"@id\":\"https:\\\/\\\/www.oenora-vin.fr\\\/index.php\\\/degustations\\\/#faq-question-1762276536961\"},{\"@id\":\"https:\\\/\\\/www.oenora-vin.fr\\\/index.php\\\/degustations\\\/#faq-question-1762276750732\"}],\"inLanguage\":\"fr-FR\",\"potentialAction\":[{\"@type\":\"ReadAction\",\"target\":[\"https:\\\/\\\/www.oenora-vin.fr\\\/index.php\\\/degustations\\\/\"]}]},{\"@type\":\"BreadcrumbList\",\"@id\":\"https:\\\/\\\/www.oenora-vin.fr\\\/index.php\\\/degustations\\\/#breadcrumb\",\"itemListElement\":[{\"@type\":\"ListItem\",\"position\":1,\"name\":\"Accueil\",\"item\":\"https:\\\/\\\/www.oenora-vin.fr\\\/\"},{\"@type\":\"ListItem\",\"position\":2,\"name\":\"D\u00e9gustations\"}]},{\"@type\":\"WebSite\",\"@id\":\"https:\\\/\\\/www.oenora-vin.fr\\\/#website\",\"url\":\"https:\\\/\\\/www.oenora-vin.fr\\\/\",\"name\":\"Oenora\",\"description\":\"\",\"publisher\":{\"@id\":\"https:\\\/\\\/www.oenora-vin.fr\\\/#organization\"},\"potentialAction\":[{\"@type\":\"SearchAction\",\"target\":{\"@type\":\"EntryPoint\",\"urlTemplate\":\"https:\\\/\\\/www.oenora-vin.fr\\\/?s={search_term_string}\"},\"query-input\":{\"@type\":\"PropertyValueSpecification\",\"valueRequired\":true,\"valueName\":\"search_term_string\"}}],\"inLanguage\":\"fr-FR\"},{\"@type\":\"Organization\",\"@id\":\"https:\\\/\\\/www.oenora-vin.fr\\\/#organization\",\"name\":\"Oenora\",\"url\":\"https:\\\/\\\/www.oenora-vin.fr\\\/\",\"logo\":{\"@type\":\"ImageObject\",\"inLanguage\":\"fr-FR\",\"@id\":\"https:\\\/\\\/www.oenora-vin.fr\\\/#\\\/schema\\\/logo\\\/image\\\/\",\"url\":\"https:\\\/\\\/www.oenora-vin.fr\\\/wp-content\\\/uploads\\\/2026\\\/01\\\/OENORA_AB_V1_Ivoire-2-scaled.png\",\"contentUrl\":\"https:\\\/\\\/www.oenora-vin.fr\\\/wp-content\\\/uploads\\\/2026\\\/01\\\/OENORA_AB_V1_Ivoire-2-scaled.png\",\"width\":2560,\"height\":746,\"caption\":\"Oenora\"},\"image\":{\"@id\":\"https:\\\/\\\/www.oenora-vin.fr\\\/#\\\/schema\\\/logo\\\/image\\\/\"}},{\"@type\":\"Question\",\"@id\":\"https:\\\/\\\/www.oenora-vin.fr\\\/index.php\\\/degustations\\\/#faq-question-1761641609509\",\"position\":1,\"url\":\"https:\\\/\\\/www.oenora-vin.fr\\\/index.php\\\/degustations\\\/#faq-question-1761641609509\",\"name\":\"Comment se d\u00e9roule une d\u00e9gustation ?\",\"answerCount\":1,\"acceptedAnswer\":{\"@type\":\"Answer\",\"text\":\"Je viens sur le lieu de votre choix avec une s\u00e9lection de vins et le mat\u00e9riel n\u00e9cessaire. Ensemble, nous explorons les ar\u00f4mes et les accords mets-vins \u00e0 votre rythme.\",\"inLanguage\":\"fr-FR\"},\"inLanguage\":\"fr-FR\"},{\"@type\":\"Question\",\"@id\":\"https:\\\/\\\/www.oenora-vin.fr\\\/index.php\\\/degustations\\\/#faq-question-1761641584496\",\"position\":2,\"url\":\"https:\\\/\\\/www.oenora-vin.fr\\\/index.php\\\/degustations\\\/#faq-question-1761641584496\",\"name\":\"Dur\u00e9e moyenne d\u2019une d\u00e9gustation ?\",\"answerCount\":1,\"acceptedAnswer\":{\"@type\":\"Answer\",\"text\":\"Environ 1h \u00e0 2h, selon la formule et le nombre de participants.\",\"inLanguage\":\"fr-FR\"},\"inLanguage\":\"fr-FR\"},{\"@type\":\"Question\",\"@id\":\"https:\\\/\\\/www.oenora-vin.fr\\\/index.php\\\/degustations\\\/#faq-question-1762274729384\",\"position\":3,\"url\":\"https:\\\/\\\/www.oenora-vin.fr\\\/index.php\\\/degustations\\\/#faq-question-1762274729384\",\"name\":\"Les enfants sont-il accept\u00e9s ?\",\"answerCount\":1,\"acceptedAnswer\":{\"@type\":\"Answer\",\"text\":\"Oui mais la d\u00e9gustation de vin est interdite aux mineurs.\",\"inLanguage\":\"fr-FR\"},\"inLanguage\":\"fr-FR\"},{\"@type\":\"Question\",\"@id\":\"https:\\\/\\\/www.oenora-vin.fr\\\/index.php\\\/degustations\\\/#faq-question-1762276810337\",\"position\":4,\"url\":\"https:\\\/\\\/www.oenora-vin.fr\\\/index.php\\\/degustations\\\/#faq-question-1762276810337\",\"name\":\"Faut-il \u00eatre connaisseur ?\",\"answerCount\":1,\"acceptedAnswer\":{\"@type\":\"Answer\",\"text\":\"Pas du tout ! La d\u00e9gustation est ouverte \u00e0 tous, amateurs comme novices.\",\"inLanguage\":\"fr-FR\"},\"inLanguage\":\"fr-FR\"},{\"@type\":\"Question\",\"@id\":\"https:\\\/\\\/www.oenora-vin.fr\\\/index.php\\\/degustations\\\/#faq-question-1762445245369\",\"position\":5,\"url\":\"https:\\\/\\\/www.oenora-vin.fr\\\/index.php\\\/degustations\\\/#faq-question-1762445245369\",\"name\":\"Est ce que les d\u00e9gustations sont disponibles en plusieurs langues ?\",\"answerCount\":1,\"acceptedAnswer\":{\"@type\":\"Answer\",\"text\":\"Oui, les d\u00e9gustations sont disponibles en fran\u00e7ais et anglais.\",\"inLanguage\":\"fr-FR\"},\"inLanguage\":\"fr-FR\"},{\"@type\":\"Question\",\"@id\":\"https:\\\/\\\/www.oenora-vin.fr\\\/index.php\\\/degustations\\\/#faq-question-1761641609509\",\"position\":6,\"url\":\"https:\\\/\\\/www.oenora-vin.fr\\\/index.php\\\/degustations\\\/#faq-question-1761641609509\",\"name\":\"Les vins sont-ils inclus ?\",\"answerCount\":1,\"acceptedAnswer\":{\"@type\":\"Answer\",\"text\":\"Oui, ainsi que le mat\u00e9riel et les supports p\u00e9dagogiques.\",\"inLanguage\":\"fr-FR\"},\"inLanguage\":\"fr-FR\"},{\"@type\":\"Question\",\"@id\":\"https:\\\/\\\/www.oenora-vin.fr\\\/index.php\\\/degustations\\\/#faq-question-1761641584496\",\"position\":7,\"url\":\"https:\\\/\\\/www.oenora-vin.fr\\\/index.php\\\/degustations\\\/#faq-question-1761641584496\",\"name\":\"Peut-on acheter les vins d\u00e9gust\u00e9s ?\",\"answerCount\":1,\"acceptedAnswer\":{\"@type\":\"Answer\",\"text\":\"Oui, selon les disponibilit\u00e9s des domaines partenaires.\",\"inLanguage\":\"fr-FR\"},\"inLanguage\":\"fr-FR\"},{\"@type\":\"Question\",\"@id\":\"https:\\\/\\\/www.oenora-vin.fr\\\/index.php\\\/degustations\\\/#faq-question-1762274729384\",\"position\":8,\"url\":\"https:\\\/\\\/www.oenora-vin.fr\\\/index.php\\\/degustations\\\/#faq-question-1762274729384\",\"name\":\"Faut-il pr\u00e9voir du mat\u00e9riel ?\",\"answerCount\":1,\"acceptedAnswer\":{\"@type\":\"Answer\",\"text\":\"Non, tout est fourni : verres, fiches de d\u00e9gustation, crachoirs\u2026\",\"inLanguage\":\"fr-FR\"},\"inLanguage\":\"fr-FR\"},{\"@type\":\"Question\",\"@id\":\"https:\\\/\\\/www.oenora-vin.fr\\\/index.php\\\/degustations\\\/#faq-question-1761641609509\",\"position\":9,\"url\":\"https:\\\/\\\/www.oenora-vin.fr\\\/index.php\\\/degustations\\\/#faq-question-1761641609509\",\"name\":\"Comment r\u00e9server ?\",\"answerCount\":1,\"acceptedAnswer\":{\"@type\":\"Answer\",\"text\":\"Via le formulaire de r\u00e9servation du site ou par email \u00e0 contact@oenora-vin.fr\",\"inLanguage\":\"fr-FR\"},\"inLanguage\":\"fr-FR\"},{\"@type\":\"Question\",\"@id\":\"https:\\\/\\\/www.oenora-vin.fr\\\/index.php\\\/degustations\\\/#faq-question-1761641584496\",\"position\":10,\"url\":\"https:\\\/\\\/www.oenora-vin.fr\\\/index.php\\\/degustations\\\/#faq-question-1761641584496\",\"name\":\"Dur\u00e9e moyenne d\u2019une d\u00e9gustation ?\",\"answerCount\":1,\"acceptedAnswer\":{\"@type\":\"Answer\",\"text\":\"Environ 1h \u00e0 2h, selon la formule et le nombre de participants.\",\"inLanguage\":\"fr-FR\"},\"inLanguage\":\"fr-FR\"},{\"@type\":\"Question\",\"@id\":\"https:\\\/\\\/www.oenora-vin.fr\\\/index.php\\\/degustations\\\/#faq-question-1762274729384\",\"position\":11,\"url\":\"https:\\\/\\\/www.oenora-vin.fr\\\/index.php\\\/degustations\\\/#faq-question-1762274729384\",\"name\":\"Nombre mininum de personnes ?\",\"answerCount\":1,\"acceptedAnswer\":{\"@type\":\"Answer\",\"text\":\"Minium 4 personnes par d\u00e9gustation au-del\u00e0 de 10 personnes, offre sur devis.\",\"inLanguage\":\"fr-FR\"},\"inLanguage\":\"fr-FR\"},{\"@type\":\"Question\",\"@id\":\"https:\\\/\\\/www.oenora-vin.fr\\\/index.php\\\/degustations\\\/#faq-question-1762275821641\",\"position\":12,\"url\":\"https:\\\/\\\/www.oenora-vin.fr\\\/index.php\\\/degustations\\\/#faq-question-1762275821641\",\"name\":\"Comment effectuer le paiement ?\",\"answerCount\":1,\"acceptedAnswer\":{\"@type\":\"Answer\",\"text\":\"Le paiement se fait \u00e0 100% \u00e0 la r\u00e9servation par virement bancaire.\",\"inLanguage\":\"fr-FR\"},\"inLanguage\":\"fr-FR\"},{\"@type\":\"Question\",\"@id\":\"https:\\\/\\\/www.oenora-vin.fr\\\/index.php\\\/degustations\\\/#faq-question-1762276536961\",\"position\":13,\"url\":\"https:\\\/\\\/www.oenora-vin.fr\\\/index.php\\\/degustations\\\/#faq-question-1762276536961\",\"name\":\"Proposez-vous des cartes cadeaux ?\",\"answerCount\":1,\"acceptedAnswer\":{\"@type\":\"Answer\",\"text\":\"Oui, contactez nous pour plus de d\u00e9tails.\",\"inLanguage\":\"fr-FR\"},\"inLanguage\":\"fr-FR\"},{\"@type\":\"Question\",\"@id\":\"https:\\\/\\\/www.oenora-vin.fr\\\/index.php\\\/degustations\\\/#faq-question-1762276750732\",\"position\":14,\"url\":\"https:\\\/\\\/www.oenora-vin.fr\\\/index.php\\\/degustations\\\/#faq-question-1762276750732\",\"name\":\"Zone de d\u00e9placement ?\",\"answerCount\":1,\"acceptedAnswer\":{\"@type\":\"Answer\",\"text\":\"Dans tout le d\u00e9partement de la Gironde.\",\"inLanguage\":\"fr-FR\"},\"inLanguage\":\"fr-FR\"}]}<\/script>\n<!-- \/ Yoast SEO plugin. -->","yoast_head_json":{"title":"D\u00e9gustations - Oenora","robots":{"index":"index","follow":"follow","max-snippet":"max-snippet:-1","max-image-preview":"max-image-preview:large","max-video-preview":"max-video-preview:-1"},"canonical":"https:\/\/www.oenora-vin.fr\/index.php\/degustations\/","og_locale":"fr_FR","og_type":"article","og_title":"D\u00e9gustations - Oenora","og_url":"https:\/\/www.oenora-vin.fr\/index.php\/degustations\/","og_site_name":"Oenora","article_modified_time":"2026-03-02T14:59:37+00:00","twitter_card":"summary_large_image","schema":{"@context":"https:\/\/schema.org","@graph":[{"@type":["WebPage","FAQPage"],"@id":"https:\/\/www.oenora-vin.fr\/index.php\/degustations\/","url":"https:\/\/www.oenora-vin.fr\/index.php\/degustations\/","name":"D\u00e9gustations - Oenora","isPartOf":{"@id":"https:\/\/www.oenora-vin.fr\/#website"},"datePublished":"2025-10-16T15:45:11+00:00","dateModified":"2026-03-02T14:59:37+00:00","breadcrumb":{"@id":"https:\/\/www.oenora-vin.fr\/index.php\/degustations\/#breadcrumb"},"mainEntity":[{"@id":"https:\/\/www.oenora-vin.fr\/index.php\/degustations\/#faq-question-1761641609509"},{"@id":"https:\/\/www.oenora-vin.fr\/index.php\/degustations\/#faq-question-1761641584496"},{"@id":"https:\/\/www.oenora-vin.fr\/index.php\/degustations\/#faq-question-1762274729384"},{"@id":"https:\/\/www.oenora-vin.fr\/index.php\/degustations\/#faq-question-1762276810337"},{"@id":"https:\/\/www.oenora-vin.fr\/index.php\/degustations\/#faq-question-1762445245369"},{"@id":"https:\/\/www.oenora-vin.fr\/index.php\/degustations\/#faq-question-1761641609509"},{"@id":"https:\/\/www.oenora-vin.fr\/index.php\/degustations\/#faq-question-1761641584496"},{"@id":"https:\/\/www.oenora-vin.fr\/index.php\/degustations\/#faq-question-1762274729384"},{"@id":"https:\/\/www.oenora-vin.fr\/index.php\/degustations\/#faq-question-1761641609509"},{"@id":"https:\/\/www.oenora-vin.fr\/index.php\/degustations\/#faq-question-1761641584496"},{"@id":"https:\/\/www.oenora-vin.fr\/index.php\/degustations\/#faq-question-1762274729384"},{"@id":"https:\/\/www.oenora-vin.fr\/index.php\/degustations\/#faq-question-1762275821641"},{"@id":"https:\/\/www.oenora-vin.fr\/index.php\/degustations\/#faq-question-1762276536961"},{"@id":"https:\/\/www.oenora-vin.fr\/index.php\/degustations\/#faq-question-1762276750732"}],"inLanguage":"fr-FR","potentialAction":[{"@type":"ReadAction","target":["https:\/\/www.oenora-vin.fr\/index.php\/degustations\/"]}]},{"@type":"BreadcrumbList","@id":"https:\/\/www.oenora-vin.fr\/index.php\/degustations\/#breadcrumb","itemListElement":[{"@type":"ListItem","position":1,"name":"Accueil","item":"https:\/\/www.oenora-vin.fr\/"},{"@type":"ListItem","position":2,"name":"D\u00e9gustations"}]},{"@type":"WebSite","@id":"https:\/\/www.oenora-vin.fr\/#website","url":"https:\/\/www.oenora-vin.fr\/","name":"Oenora","description":"","publisher":{"@id":"https:\/\/www.oenora-vin.fr\/#organization"},"potentialAction":[{"@type":"SearchAction","target":{"@type":"EntryPoint","urlTemplate":"https:\/\/www.oenora-vin.fr\/?s={search_term_string}"},"query-input":{"@type":"PropertyValueSpecification","valueRequired":true,"valueName":"search_term_string"}}],"inLanguage":"fr-FR"},{"@type":"Organization","@id":"https:\/\/www.oenora-vin.fr\/#organization","name":"Oenora","url":"https:\/\/www.oenora-vin.fr\/","logo":{"@type":"ImageObject","inLanguage":"fr-FR","@id":"https:\/\/www.oenora-vin.fr\/#\/schema\/logo\/image\/","url":"https:\/\/www.oenora-vin.fr\/wp-content\/uploads\/2026\/01\/OENORA_AB_V1_Ivoire-2-scaled.png","contentUrl":"https:\/\/www.oenora-vin.fr\/wp-content\/uploads\/2026\/01\/OENORA_AB_V1_Ivoire-2-scaled.png","width":2560,"height":746,"caption":"Oenora"},"image":{"@id":"https:\/\/www.oenora-vin.fr\/#\/schema\/logo\/image\/"}},{"@type":"Question","@id":"https:\/\/www.oenora-vin.fr\/index.php\/degustations\/#faq-question-1761641609509","position":1,"url":"https:\/\/www.oenora-vin.fr\/index.php\/degustations\/#faq-question-1761641609509","name":"Comment se d\u00e9roule une d\u00e9gustation ?","answerCount":1,"acceptedAnswer":{"@type":"Answer","text":"Je viens sur le lieu de votre choix avec une s\u00e9lection de vins et le mat\u00e9riel n\u00e9cessaire. Ensemble, nous explorons les ar\u00f4mes et les accords mets-vins \u00e0 votre rythme.","inLanguage":"fr-FR"},"inLanguage":"fr-FR"},{"@type":"Question","@id":"https:\/\/www.oenora-vin.fr\/index.php\/degustations\/#faq-question-1761641584496","position":2,"url":"https:\/\/www.oenora-vin.fr\/index.php\/degustations\/#faq-question-1761641584496","name":"Dur\u00e9e moyenne d\u2019une d\u00e9gustation ?","answerCount":1,"acceptedAnswer":{"@type":"Answer","text":"Environ 1h \u00e0 2h, selon la formule et le nombre de participants.","inLanguage":"fr-FR"},"inLanguage":"fr-FR"},{"@type":"Question","@id":"https:\/\/www.oenora-vin.fr\/index.php\/degustations\/#faq-question-1762274729384","position":3,"url":"https:\/\/www.oenora-vin.fr\/index.php\/degustations\/#faq-question-1762274729384","name":"Les enfants sont-il accept\u00e9s ?","answerCount":1,"acceptedAnswer":{"@type":"Answer","text":"Oui mais la d\u00e9gustation de vin est interdite aux mineurs.","inLanguage":"fr-FR"},"inLanguage":"fr-FR"},{"@type":"Question","@id":"https:\/\/www.oenora-vin.fr\/index.php\/degustations\/#faq-question-1762276810337","position":4,"url":"https:\/\/www.oenora-vin.fr\/index.php\/degustations\/#faq-question-1762276810337","name":"Faut-il \u00eatre connaisseur ?","answerCount":1,"acceptedAnswer":{"@type":"Answer","text":"Pas du tout ! La d\u00e9gustation est ouverte \u00e0 tous, amateurs comme novices.","inLanguage":"fr-FR"},"inLanguage":"fr-FR"},{"@type":"Question","@id":"https:\/\/www.oenora-vin.fr\/index.php\/degustations\/#faq-question-1762445245369","position":5,"url":"https:\/\/www.oenora-vin.fr\/index.php\/degustations\/#faq-question-1762445245369","name":"Est ce que les d\u00e9gustations sont disponibles en plusieurs langues ?","answerCount":1,"acceptedAnswer":{"@type":"Answer","text":"Oui, les d\u00e9gustations sont disponibles en fran\u00e7ais et anglais.","inLanguage":"fr-FR"},"inLanguage":"fr-FR"},{"@type":"Question","@id":"https:\/\/www.oenora-vin.fr\/index.php\/degustations\/#faq-question-1761641609509","position":6,"url":"https:\/\/www.oenora-vin.fr\/index.php\/degustations\/#faq-question-1761641609509","name":"Les vins sont-ils inclus ?","answerCount":1,"acceptedAnswer":{"@type":"Answer","text":"Oui, ainsi que le mat\u00e9riel et les supports p\u00e9dagogiques.","inLanguage":"fr-FR"},"inLanguage":"fr-FR"},{"@type":"Question","@id":"https:\/\/www.oenora-vin.fr\/index.php\/degustations\/#faq-question-1761641584496","position":7,"url":"https:\/\/www.oenora-vin.fr\/index.php\/degustations\/#faq-question-1761641584496","name":"Peut-on acheter les vins d\u00e9gust\u00e9s ?","answerCount":1,"acceptedAnswer":{"@type":"Answer","text":"Oui, selon les disponibilit\u00e9s des domaines partenaires.","inLanguage":"fr-FR"},"inLanguage":"fr-FR"},{"@type":"Question","@id":"https:\/\/www.oenora-vin.fr\/index.php\/degustations\/#faq-question-1762274729384","position":8,"url":"https:\/\/www.oenora-vin.fr\/index.php\/degustations\/#faq-question-1762274729384","name":"Faut-il pr\u00e9voir du mat\u00e9riel ?","answerCount":1,"acceptedAnswer":{"@type":"Answer","text":"Non, tout est fourni : verres, fiches de d\u00e9gustation, crachoirs\u2026","inLanguage":"fr-FR"},"inLanguage":"fr-FR"},{"@type":"Question","@id":"https:\/\/www.oenora-vin.fr\/index.php\/degustations\/#faq-question-1761641609509","position":9,"url":"https:\/\/www.oenora-vin.fr\/index.php\/degustations\/#faq-question-1761641609509","name":"Comment r\u00e9server ?","answerCount":1,"acceptedAnswer":{"@type":"Answer","text":"Via le formulaire de r\u00e9servation du site ou par email \u00e0 contact@oenora-vin.fr","inLanguage":"fr-FR"},"inLanguage":"fr-FR"},{"@type":"Question","@id":"https:\/\/www.oenora-vin.fr\/index.php\/degustations\/#faq-question-1761641584496","position":10,"url":"https:\/\/www.oenora-vin.fr\/index.php\/degustations\/#faq-question-1761641584496","name":"Dur\u00e9e moyenne d\u2019une d\u00e9gustation ?","answerCount":1,"acceptedAnswer":{"@type":"Answer","text":"Environ 1h \u00e0 2h, selon la formule et le nombre de participants.","inLanguage":"fr-FR"},"inLanguage":"fr-FR"},{"@type":"Question","@id":"https:\/\/www.oenora-vin.fr\/index.php\/degustations\/#faq-question-1762274729384","position":11,"url":"https:\/\/www.oenora-vin.fr\/index.php\/degustations\/#faq-question-1762274729384","name":"Nombre mininum de personnes ?","answerCount":1,"acceptedAnswer":{"@type":"Answer","text":"Minium 4 personnes par d\u00e9gustation au-del\u00e0 de 10 personnes, offre sur devis.","inLanguage":"fr-FR"},"inLanguage":"fr-FR"},{"@type":"Question","@id":"https:\/\/www.oenora-vin.fr\/index.php\/degustations\/#faq-question-1762275821641","position":12,"url":"https:\/\/www.oenora-vin.fr\/index.php\/degustations\/#faq-question-1762275821641","name":"Comment effectuer le paiement ?","answerCount":1,"acceptedAnswer":{"@type":"Answer","text":"Le paiement se fait \u00e0 100% \u00e0 la r\u00e9servation par virement bancaire.","inLanguage":"fr-FR"},"inLanguage":"fr-FR"},{"@type":"Question","@id":"https:\/\/www.oenora-vin.fr\/index.php\/degustations\/#faq-question-1762276536961","position":13,"url":"https:\/\/www.oenora-vin.fr\/index.php\/degustations\/#faq-question-1762276536961","name":"Proposez-vous des cartes cadeaux ?","answerCount":1,"acceptedAnswer":{"@type":"Answer","text":"Oui, contactez nous pour plus de d\u00e9tails.","inLanguage":"fr-FR"},"inLanguage":"fr-FR"},{"@type":"Question","@id":"https:\/\/www.oenora-vin.fr\/index.php\/degustations\/#faq-question-1762276750732","position":14,"url":"https:\/\/www.oenora-vin.fr\/index.php\/degustations\/#faq-question-1762276750732","name":"Zone de d\u00e9placement ?","answerCount":1,"acceptedAnswer":{"@type":"Answer","text":"Dans tout le d\u00e9partement de la Gironde.","inLanguage":"fr-FR"},"inLanguage":"fr-FR"}]}},"_links":{"self":[{"href":"https:\/\/www.oenora-vin.fr\/index.php\/wp-json\/wp\/v2\/pages\/164","targetHints":{"allow":["GET"]}}],"collection":[{"href":"https:\/\/www.oenora-vin.fr\/index.php\/wp-json\/wp\/v2\/pages"}],"about":[{"href":"https:\/\/www.oenora-vin.fr\/index.php\/wp-json\/wp\/v2\/types\/page"}],"author":[{"embeddable":true,"href":"https:\/\/www.oenora-vin.fr\/index.php\/wp-json\/wp\/v2\/users\/1"}],"replies":[{"embeddable":true,"href":"https:\/\/www.oenora-vin.fr\/index.php\/wp-json\/wp\/v2\/comments?post=164"}],"version-history":[{"count":65,"href":"https:\/\/www.oenora-vin.fr\/index.php\/wp-json\/wp\/v2\/pages\/164\/revisions"}],"predecessor-version":[{"id":556,"href":"https:\/\/www.oenora-vin.fr\/index.php\/wp-json\/wp\/v2\/pages\/164\/revisions\/556"}],"wp:attachment":[{"href":"https:\/\/www.oenora-vin.fr\/index.php\/wp-json\/wp\/v2\/media?parent=164"}],"curies":[{"name":"wp","href":"https:\/\/api.w.org\/{rel}","templated":true}]}}